{"id":106,"date":"2022-11-25T11:16:29","date_gmt":"2022-11-25T11:16:29","guid":{"rendered":"https:\/\/lazubiaya.es\/?page_id=106"},"modified":"2023-02-21T09:36:10","modified_gmt":"2023-02-21T09:36:10","slug":"noticias-eventos","status":"publish","type":"page","link":"https:\/\/lazubiaya.es\/index.php\/noticias-eventos\/","title":{"rendered":"NOTICIAS\/EVENTOS"},"content":{"rendered":"\n<p class=\"has-text-align-right has-background\" style=\"background-color:#7bdbb521\">ver tambi\u00e9n en nuestro Facebook: <a href=\"https:\/\/www.facebook.com\/lazubiaya\/\">https:\/<\/a><a href=\"https:\/\/www.facebook.com\/lazubiaya\/\" target=\"_blank\" rel=\"noreferrer noopener\">\/www.facebook.com\/lazubiaya\/<\/a><\/p>\n\n\n\n<div class=\"wp-block-query is-layout-flow wp-block-query-is-layout-flow\"><ul class=\"wp-block-post-template is-layout-flow wp-block-post-template-is-layout-flow\"><li class=\"wp-block-post post-843 post type-post status-publish format-standard has-post-thumbnail hentry category-noticias\">\n<h2 class=\"wp-block-post-title\"><a href=\"https:\/\/lazubiaya.es\/index.php\/2024\/02\/26\/jose-antonio-romero-guerrero-portavoz-de-lazubiaya-pasa-a-formar-parte-de-la-ejecutiva-nacional-de-la-organizacion-nacional-union-municipalista\/\" target=\"_self\" >Jos\u00e9 Antonio Romero Guerrero (Portavoz de Lazubiaya) pasa a formar parte de la Ejecutiva Nacional de la organizaci\u00f3n nacional \u00abUni\u00f3n Municipalista\u00bb<\/a><\/h2>\n\n<figure style=\"height:350px;\" class=\"aligncenter wp-block-post-featured-image\"><a href=\"https:\/\/lazubiaya.es\/index.php\/2024\/02\/26\/jose-antonio-romero-guerrero-portavoz-de-lazubiaya-pasa-a-formar-parte-de-la-ejecutiva-nacional-de-la-organizacion-nacional-union-municipalista\/\" target=\"_self\"  style=\"height:350px\"><img loading=\"lazy\" decoding=\"async\" width=\"2048\" height=\"1536\" src=\"https:\/\/lazubiaya.es\/wp-content\/uploads\/2024\/02\/lazubiaya_union_municipalista.jpg\" class=\"attachment-post-thumbnail size-post-thumbnail wp-post-image\" alt=\"Jos\u00e9 Antonio Romero Guerrero (Portavoz de Lazubiaya) pasa a formar parte de la Ejecutiva Nacional de la organizaci\u00f3n nacional \u00abUni\u00f3n Municipalista\u00bb\" style=\"height:350px;object-fit:contain;\" srcset=\"https:\/\/lazubiaya.es\/wp-content\/uploads\/2024\/02\/lazubiaya_union_municipalista.jpg 2048w, https:\/\/lazubiaya.es\/wp-content\/uploads\/2024\/02\/lazubiaya_union_municipalista-300x225.jpg 300w, https:\/\/lazubiaya.es\/wp-content\/uploads\/2024\/02\/lazubiaya_union_municipalista-1024x768.jpg 1024w, https:\/\/lazubiaya.es\/wp-content\/uploads\/2024\/02\/lazubiaya_union_municipalista-768x576.jpg 768w, https:\/\/lazubiaya.es\/wp-content\/uploads\/2024\/02\/lazubiaya_union_municipalista-1536x1152.jpg 1536w, https:\/\/lazubiaya.es\/wp-content\/uploads\/2024\/02\/lazubiaya_union_municipalista-1000x750.jpg 1000w, https:\/\/lazubiaya.es\/wp-content\/uploads\/2024\/02\/lazubiaya_union_municipalista-230x173.jpg 230w, https:\/\/lazubiaya.es\/wp-content\/uploads\/2024\/02\/lazubiaya_union_municipalista-350x263.jpg 350w, https:\/\/lazubiaya.es\/wp-content\/uploads\/2024\/02\/lazubiaya_union_municipalista-480x360.jpg 480w\" sizes=\"(max-width: 2048px) 100vw, 2048px\" \/><\/a><\/figure>\n\n<div class=\"wp-block-post-excerpt\"><p class=\"wp-block-post-excerpt__excerpt\">El Portavoz de Lazubiaya Jos\u00e9 Antonio Romero Guerrero pasar\u00e1 a formar parte de la Ejecutiva Nacional de la organizaci\u00f3n nacional Uni\u00f3n Municipalista, [&hellip;] <a class=\"wp-block-post-excerpt__more-link\" href=\"https:\/\/lazubiaya.es\/index.php\/2024\/02\/26\/jose-antonio-romero-guerrero-portavoz-de-lazubiaya-pasa-a-formar-parte-de-la-ejecutiva-nacional-de-la-organizacion-nacional-union-municipalista\/\">Leer m\u00e1s<\/a><\/p><\/div>\n\n\n<hr class=\"wp-block-separator has-css-opacity\"\/>\n\n\n<div class=\"wp-block-post-date\"><time datetime=\"2024-02-26T08:59:40+00:00\">febrero 26, 2024<\/time><\/div>\n<\/li><li class=\"wp-block-post post-794 post type-post status-publish format-standard has-post-thumbnail hentry category-noticias\">\n<h2 class=\"wp-block-post-title\"><a href=\"https:\/\/lazubiaya.es\/index.php\/2023\/04\/24\/presentacion-de-la-candidatura-2\/\" target=\"_self\" >Presentaci\u00f3n de la candidatura<\/a><\/h2>\n\n<figure style=\"height:350px;\" class=\"aligncenter wp-block-post-featured-image\"><a href=\"https:\/\/lazubiaya.es\/index.php\/2023\/04\/24\/presentacion-de-la-candidatura-2\/\" target=\"_self\"  style=\"height:350px\"><img loading=\"lazy\" decoding=\"async\" width=\"450\" height=\"254\" src=\"https:\/\/lazubiaya.es\/wp-content\/uploads\/2023\/04\/presentacion_candidatura_lazubiaya.jpg\" class=\"attachment-post-thumbnail size-post-thumbnail wp-post-image\" alt=\"Presentaci\u00f3n de la candidatura\" style=\"height:350px;object-fit:contain;\" srcset=\"https:\/\/lazubiaya.es\/wp-content\/uploads\/2023\/04\/presentacion_candidatura_lazubiaya.jpg 450w, https:\/\/lazubiaya.es\/wp-content\/uploads\/2023\/04\/presentacion_candidatura_lazubiaya-300x169.jpg 300w, https:\/\/lazubiaya.es\/wp-content\/uploads\/2023\/04\/presentacion_candidatura_lazubiaya-230x130.jpg 230w, https:\/\/lazubiaya.es\/wp-content\/uploads\/2023\/04\/presentacion_candidatura_lazubiaya-350x198.jpg 350w\" sizes=\"(max-width: 450px) 100vw, 450px\" \/><\/a><\/figure>\n\n<div class=\"wp-block-post-excerpt\"><p class=\"wp-block-post-excerpt__excerpt\">El pasado d\u00eda 22 se ha presentado la candidatura del partido Lazubiaya, un partido del pueblo y para el pueblo, y puedo [&hellip;] <a class=\"wp-block-post-excerpt__more-link\" href=\"https:\/\/lazubiaya.es\/index.php\/2023\/04\/24\/presentacion-de-la-candidatura-2\/\">Leer m\u00e1s<\/a><\/p><\/div>\n\n\n<hr class=\"wp-block-separator has-css-opacity\"\/>\n\n\n<div class=\"wp-block-post-date\"><time datetime=\"2023-04-24T09:17:34+00:00\">abril 24, 2023<\/time><\/div>\n<\/li><li class=\"wp-block-post post-735 post type-post status-publish format-standard has-post-thumbnail hentry category-noticias\">\n<h2 class=\"wp-block-post-title\"><a href=\"https:\/\/lazubiaya.es\/index.php\/2023\/04\/17\/presentacion-de-la-candidatura\/\" target=\"_self\" >Presentaci\u00f3n de la candidatura<\/a><\/h2>\n\n<figure style=\"height:350px;\" class=\"aligncenter wp-block-post-featured-image\"><a href=\"https:\/\/lazubiaya.es\/index.php\/2023\/04\/17\/presentacion-de-la-candidatura\/\" target=\"_self\"  style=\"height:350px\"><img loading=\"lazy\" decoding=\"async\" width=\"1600\" height=\"1480\" src=\"https:\/\/lazubiaya.es\/wp-content\/uploads\/2023\/04\/Acto_Publico_22-04.jpg\" class=\"attachment-post-thumbnail size-post-thumbnail wp-post-image\" alt=\"Presentaci\u00f3n de la candidatura\" style=\"height:350px;object-fit:contain;\" srcset=\"https:\/\/lazubiaya.es\/wp-content\/uploads\/2023\/04\/Acto_Publico_22-04.jpg 1600w, https:\/\/lazubiaya.es\/wp-content\/uploads\/2023\/04\/Acto_Publico_22-04-300x278.jpg 300w, https:\/\/lazubiaya.es\/wp-content\/uploads\/2023\/04\/Acto_Publico_22-04-1024x947.jpg 1024w, https:\/\/lazubiaya.es\/wp-content\/uploads\/2023\/04\/Acto_Publico_22-04-768x710.jpg 768w, https:\/\/lazubiaya.es\/wp-content\/uploads\/2023\/04\/Acto_Publico_22-04-1536x1421.jpg 1536w, https:\/\/lazubiaya.es\/wp-content\/uploads\/2023\/04\/Acto_Publico_22-04-1000x925.jpg 1000w, https:\/\/lazubiaya.es\/wp-content\/uploads\/2023\/04\/Acto_Publico_22-04-230x213.jpg 230w, https:\/\/lazubiaya.es\/wp-content\/uploads\/2023\/04\/Acto_Publico_22-04-350x324.jpg 350w, https:\/\/lazubiaya.es\/wp-content\/uploads\/2023\/04\/Acto_Publico_22-04-480x444.jpg 480w\" sizes=\"(max-width: 1600px) 100vw, 1600px\" \/><\/a><\/figure>\n\n<div class=\"wp-block-post-excerpt\"><p class=\"wp-block-post-excerpt__excerpt\">Os invitamos al acto p\u00fablico de presentaci\u00f3n de la candidatura de LA ZUBIA YA que tendr\u00e1 lugar el d\u00eda 22 de Abril [&hellip;] <a class=\"wp-block-post-excerpt__more-link\" href=\"https:\/\/lazubiaya.es\/index.php\/2023\/04\/17\/presentacion-de-la-candidatura\/\">Leer m\u00e1s<\/a><\/p><\/div>\n\n\n<hr class=\"wp-block-separator has-css-opacity\"\/>\n\n\n<div class=\"wp-block-post-date\"><time datetime=\"2023-04-17T07:34:24+00:00\">abril 17, 2023<\/time><\/div>\n<\/li><\/ul><\/div>\n","protected":false},"excerpt":{"rendered":"<p>ver tambi\u00e9n en nuestro Facebook: https:\/\/www.facebook.com\/lazubiaya\/<\/p>\n","protected":false},"author":1,"featured_media":0,"parent":0,"menu_order":0,"comment_status":"closed","ping_status":"closed","template":"page-templates\/page_fullwidth.php","meta":{"footnotes":""},"yoast_head":"<!-- This site is optimized with the Yoast SEO plugin v20.4 - https:\/\/yoast.com\/wordpress\/plugins\/seo\/ -->\n<title>NOTICIAS\/EVENTOS - La Zubia Ya<\/title>\n<meta name=\"robots\" content=\"index, follow, max-snippet:-1, max-image-preview:large, max-video-preview:-1\" \/>\n<link rel=\"canonical\" href=\"https:\/\/lazubiaya.es\/index.php\/noticias-eventos\/\" \/>\n<meta property=\"og:locale\" content=\"es_ES\" \/>\n<meta property=\"og:type\" content=\"article\" \/>\n<meta property=\"og:title\" content=\"NOTICIAS\/EVENTOS - La Zubia Ya\" \/>\n<meta property=\"og:description\" content=\"ver tambi\u00e9n en nuestro Facebook: https:\/\/www.facebook.com\/lazubiaya\/\" \/>\n<meta property=\"og:url\" content=\"https:\/\/lazubiaya.es\/index.php\/noticias-eventos\/\" \/>\n<meta property=\"og:site_name\" content=\"La Zubia Ya\" \/>\n<meta property=\"article:publisher\" content=\"https:\/\/www.facebook.com\/lazubiaya\/\" \/>\n<meta property=\"article:modified_time\" content=\"2023-02-21T09:36:10+00:00\" \/>\n<meta name=\"twitter:card\" content=\"summary_large_image\" \/>\n<meta name=\"twitter:label1\" content=\"Tiempo de lectura\" \/>\n\t<meta name=\"twitter:data1\" content=\"1 minuto\" \/>\n<script type=\"application\/ld+json\" class=\"yoast-schema-graph\">{\"@context\":\"https:\/\/schema.org\",\"@graph\":[{\"@type\":\"WebPage\",\"@id\":\"https:\/\/lazubiaya.es\/index.php\/noticias-eventos\/\",\"url\":\"https:\/\/lazubiaya.es\/index.php\/noticias-eventos\/\",\"name\":\"NOTICIAS\/EVENTOS - La Zubia Ya\",\"isPartOf\":{\"@id\":\"https:\/\/lazubiaya.es\/#website\"},\"datePublished\":\"2022-11-25T11:16:29+00:00\",\"dateModified\":\"2023-02-21T09:36:10+00:00\",\"breadcrumb\":{\"@id\":\"https:\/\/lazubiaya.es\/index.php\/noticias-eventos\/#breadcrumb\"},\"inLanguage\":\"es\",\"potentialAction\":[{\"@type\":\"ReadAction\",\"target\":[\"https:\/\/lazubiaya.es\/index.php\/noticias-eventos\/\"]}]},{\"@type\":\"BreadcrumbList\",\"@id\":\"https:\/\/lazubiaya.es\/index.php\/noticias-eventos\/#breadcrumb\",\"itemListElement\":[{\"@type\":\"ListItem\",\"position\":1,\"name\":\"Portada\",\"item\":\"https:\/\/lazubiaya.es\/\"},{\"@type\":\"ListItem\",\"position\":2,\"name\":\"NOTICIAS\/EVENTOS\"}]},{\"@type\":\"WebSite\",\"@id\":\"https:\/\/lazubiaya.es\/#website\",\"url\":\"https:\/\/lazubiaya.es\/\",\"name\":\"La Zubia Ya\",\"description\":\"La Zubia apuesta por el cambio YA\",\"publisher\":{\"@id\":\"https:\/\/lazubiaya.es\/#organization\"},\"potentialAction\":[{\"@type\":\"SearchAction\",\"target\":{\"@type\":\"EntryPoint\",\"urlTemplate\":\"https:\/\/lazubiaya.es\/?s={search_term_string}\"},\"query-input\":\"required name=search_term_string\"}],\"inLanguage\":\"es\"},{\"@type\":\"Organization\",\"@id\":\"https:\/\/lazubiaya.es\/#organization\",\"name\":\"La Zubia Ya\",\"url\":\"https:\/\/lazubiaya.es\/\",\"logo\":{\"@type\":\"ImageObject\",\"inLanguage\":\"es\",\"@id\":\"https:\/\/lazubiaya.es\/#\/schema\/logo\/image\/\",\"url\":\"https:\/\/lazubiaya.es\/wp-content\/uploads\/2022\/11\/cropped-LOGO_V-1.jpg\",\"contentUrl\":\"https:\/\/lazubiaya.es\/wp-content\/uploads\/2022\/11\/cropped-LOGO_V-1.jpg\",\"width\":512,\"height\":512,\"caption\":\"La Zubia Ya\"},\"image\":{\"@id\":\"https:\/\/lazubiaya.es\/#\/schema\/logo\/image\/\"},\"sameAs\":[\"https:\/\/www.facebook.com\/lazubiaya\/\"]}]}<\/script>\n<!-- \/ Yoast SEO plugin. -->","yoast_head_json":{"title":"NOTICIAS\/EVENTOS - La Zubia Ya","robots":{"index":"index","follow":"follow","max-snippet":"max-snippet:-1","max-image-preview":"max-image-preview:large","max-video-preview":"max-video-preview:-1"},"canonical":"https:\/\/lazubiaya.es\/index.php\/noticias-eventos\/","og_locale":"es_ES","og_type":"article","og_title":"NOTICIAS\/EVENTOS - La Zubia Ya","og_description":"ver tambi\u00e9n en nuestro Facebook: https:\/\/www.facebook.com\/lazubiaya\/","og_url":"https:\/\/lazubiaya.es\/index.php\/noticias-eventos\/","og_site_name":"La Zubia Ya","article_publisher":"https:\/\/www.facebook.com\/lazubiaya\/","article_modified_time":"2023-02-21T09:36:10+00:00","twitter_card":"summary_large_image","twitter_misc":{"Tiempo de lectura":"1 minuto"},"schema":{"@context":"https:\/\/schema.org","@graph":[{"@type":"WebPage","@id":"https:\/\/lazubiaya.es\/index.php\/noticias-eventos\/","url":"https:\/\/lazubiaya.es\/index.php\/noticias-eventos\/","name":"NOTICIAS\/EVENTOS - La Zubia Ya","isPartOf":{"@id":"https:\/\/lazubiaya.es\/#website"},"datePublished":"2022-11-25T11:16:29+00:00","dateModified":"2023-02-21T09:36:10+00:00","breadcrumb":{"@id":"https:\/\/lazubiaya.es\/index.php\/noticias-eventos\/#breadcrumb"},"inLanguage":"es","potentialAction":[{"@type":"ReadAction","target":["https:\/\/lazubiaya.es\/index.php\/noticias-eventos\/"]}]},{"@type":"BreadcrumbList","@id":"https:\/\/lazubiaya.es\/index.php\/noticias-eventos\/#breadcrumb","itemListElement":[{"@type":"ListItem","position":1,"name":"Portada","item":"https:\/\/lazubiaya.es\/"},{"@type":"ListItem","position":2,"name":"NOTICIAS\/EVENTOS"}]},{"@type":"WebSite","@id":"https:\/\/lazubiaya.es\/#website","url":"https:\/\/lazubiaya.es\/","name":"La Zubia Ya","description":"La Zubia apuesta por el cambio YA","publisher":{"@id":"https:\/\/lazubiaya.es\/#organization"},"potentialAction":[{"@type":"SearchAction","target":{"@type":"EntryPoint","urlTemplate":"https:\/\/lazubiaya.es\/?s={search_term_string}"},"query-input":"required name=search_term_string"}],"inLanguage":"es"},{"@type":"Organization","@id":"https:\/\/lazubiaya.es\/#organization","name":"La Zubia Ya","url":"https:\/\/lazubiaya.es\/","logo":{"@type":"ImageObject","inLanguage":"es","@id":"https:\/\/lazubiaya.es\/#\/schema\/logo\/image\/","url":"https:\/\/lazubiaya.es\/wp-content\/uploads\/2022\/11\/cropped-LOGO_V-1.jpg","contentUrl":"https:\/\/lazubiaya.es\/wp-content\/uploads\/2022\/11\/cropped-LOGO_V-1.jpg","width":512,"height":512,"caption":"La Zubia Ya"},"image":{"@id":"https:\/\/lazubiaya.es\/#\/schema\/logo\/image\/"},"sameAs":["https:\/\/www.facebook.com\/lazubiaya\/"]}]}},"_links":{"self":[{"href":"https:\/\/lazubiaya.es\/index.php\/wp-json\/wp\/v2\/pages\/106"}],"collection":[{"href":"https:\/\/lazubiaya.es\/index.php\/wp-json\/wp\/v2\/pages"}],"about":[{"href":"https:\/\/lazubiaya.es\/index.php\/wp-json\/wp\/v2\/types\/page"}],"author":[{"embeddable":true,"href":"https:\/\/lazubiaya.es\/index.php\/wp-json\/wp\/v2\/users\/1"}],"replies":[{"embeddable":true,"href":"https:\/\/lazubiaya.es\/index.php\/wp-json\/wp\/v2\/comments?post=106"}],"version-history":[{"count":5,"href":"https:\/\/lazubiaya.es\/index.php\/wp-json\/wp\/v2\/pages\/106\/revisions"}],"predecessor-version":[{"id":606,"href":"https:\/\/lazubiaya.es\/index.php\/wp-json\/wp\/v2\/pages\/106\/revisions\/606"}],"wp:attachment":[{"href":"https:\/\/lazubiaya.es\/index.php\/wp-json\/wp\/v2\/media?parent=106"}],"curies":[{"name":"wp","href":"https:\/\/api.w.org\/{rel}","templated":true}]}}