{"id":3,"date":"2022-11-24T12:40:00","date_gmt":"2022-11-24T12:40:00","guid":{"rendered":"https:\/\/lazubiaya.es\/?page_id=3"},"modified":"2023-02-21T09:38:47","modified_gmt":"2023-02-21T09:38:47","slug":"privacy-policy","status":"publish","type":"page","link":"https:\/\/lazubiaya.es\/index.php\/privacy-policy\/","title":{"rendered":"Aviso legal y Pol\u00edtica de privacidad"},"content":{"rendered":"\n<h2 class=\"wp-block-heading\">Aviso Legal para p\u00e1gina web www.lazubiaya.es<\/h2>\n\n\n\n<p><\/p>\n\n\n\n<p>El presente aviso legal recoge las condiciones generales que rigen el acceso y el uso del sitio web www.lazubiaya.es.<\/p>\n\n\n\n<p>El uso del sitio web implica la expresa y plena aceptaci\u00f3n de estas condiciones generales en la versi\u00f3n publicada en el momento en que el usuario acceda al mismo, sin perjuicio de las condiciones particulares que pudieran aplicarse a algunos de los servicios concretos del sitio web.<\/p>\n\n\n\n<p>Las citadas Condiciones ser\u00e1n de aplicaci\u00f3n independientemente de las Condiciones Generales de Contrataci\u00f3n que en su caso resulten de obligado cumplimiento.<\/p>\n\n\n\n<p><strong>Uso del Portal<\/strong> <\/p>\n\n\n\n<p>El Site proporciona el acceso a multitud de informaciones, servicios, programas o datos (en adelante, \u201clos contenidos\u201d) en Internet pertenecientes a La Zubia Ya, a los que el USUARIO puede tener acceso. El USUARIO asume la responsabilidad del uso del Site. Dicha responsabilidad se extiende al registro que fuese necesario para acceder a determinados servicios o contenidos. En dicho registro el USUARIO ser\u00e1 responsable de aportar informaci\u00f3n veraz y l\u00edcita. Como consecuencia de este registro, al USUARIO se le puede proporcionar una contrase\u00f1a de la que ser\u00e1 responsable, comprometi\u00e9ndose a hacer un uso diligente y confidencial de la misma.<\/p>\n\n\n\n<p>El USUARIO se compromete a hacer un uso adecuado de los contenidos y servicios que La Zubia Ya ofrece a trav\u00e9s de su Site (como por ejemplo servicios de chat, foros de discusi\u00f3n o grupos de noticias) y entre otros se obliga a no emplearlos para (i) incurrir en actividades il\u00edcitas, ilegales o contrarias a la buena fe y al orden p\u00fablico; (ii) difundir contenidos o propaganda de car\u00e1cter racista, xen\u00f3fobo, pornogr\u00e1fico-ilegal, de apolog\u00eda del terrorismo o atentatorio contra los derechos humanos; (iii) provocar da\u00f1os en los sistemas f\u00edsicos y l\u00f3gicos de La Zubia Ya, de sus proveedores o de terceras personas; introducir o difundir en la red virus inform\u00e1ticos o cualesquiera otros sistemas f\u00edsicos o l\u00f3gicos que sean susceptibles de provocar los da\u00f1os anteriormente mencionados; (iv) intentar acceder y, en su caso, utilizar las cuentas de correo electr\u00f3nico de otros usuarios y\/o modificar o manipular sus mensajes.<\/p>\n\n\n\n<p>Archivos de usuario y contenidos de los mismos<\/p>\n\n\n\n<p>El usuario reconoce y acepta ser el \u00fanico responsable de los contenidos que suba al sitio web de La Zubia Ya y de la consecuencia de su publicaci\u00f3n. La Zubia Ya, no ser\u00e1 responsable de las opiniones vertidas por los usuarios a trav\u00e9s de los foros, chats, u otras herramientas de participaci\u00f3n, quedando excluido expresamente de toda la responsabilidad relativa a los contenidos de los usuarios.<\/p>\n\n\n\n<p>El usuario manifiesta y garantiza que es titular (y que lo seguir\u00e1 siendo mientras utilice los Servicios) de todas licencias y todos los derechos, consentimientos y permisos que se necesitan para permitir a La Zubia Ya utilizar sus Archivos de Usuario a efectos de la prestaci\u00f3n de los Servicios y para cualquier otro fin con arreglo a la forma contemplada en el Sitio Web y en los presentes T\u00e9rminos y Condiciones.<\/p>\n\n\n\n<p>El usuario se obliga a no cargar o publicar ning\u00fan archivo de Usuario que est\u00e9 sujeto a derechos de propiedad intelectual de terceros (incluyendo derechos de exclusividad o publicidad), salvo que el titular legal de dichos derechos le haya otorgado una licencia o autorizaci\u00f3n formal para publicar el material en cuesti\u00f3n.<\/p>\n\n\n\n<p>La Zubia Ya, se reserva el derecho (si bien no estar\u00e1 obligado) a decidir si los Archivos de Usuario cumplen con los requisitos de contenido estipulados en los presentes T\u00e9rminos y Condiciones, y podr\u00e1 eliminar dichos Archivos de Usuario y\/o cancelar el acceso de cualquier Usuario para cargar cualquier Archivo de Usuario que infrinja los presentes T\u00e9rminos y Condiciones de Servicio en cualquier momento, sin necesidad de preaviso y a su elecci\u00f3n exclusiva.<\/p>\n\n\n\n<p>Propiedad intelectual e industrial sobre los contenidos de la p\u00e1gina<\/p>\n\n\n\n<p>Todos los elementos que forman el sitio web www.lazubiaya.es, as\u00ed como la estructura, dise\u00f1o y c\u00f3digo fuente de la misma, y los elementos contenidos en ella (a t\u00edtulo enunciativo, im\u00e1genes, sonido, audio, v\u00eddeo, software o textos; marcas o logotipos, combinaciones de colores, estructura y dise\u00f1o, selecci\u00f3n de materiales usados, programas de ordenador necesarios para su funcionamiento, acceso y uso), son titularidad de La Zubia Ya y est\u00e1n protegidos por la normativa de propiedad intelectual e industrial. Todos los derechos est\u00e1n reservados. Esto se entiende sin perjuicio de la plena titularidad que ostentan las Entidades Colaboradoras sobre sus propios contenidos, logotipos y marcas. Los usuarios del sitio web \u00fanicamente podr\u00e1n realizar un uso privado y personal de los contenidos de \u00e9ste. El USUARIO se compromete a respetar los derechos de Propiedad Intelectual e Industrial titularidad de La Zubia Ya. Podr\u00e1 visualizar los elementos del Site e incluso imprimirlos, copiarlos y almacenarlos en el disco duro de su ordenador o en cualquier otro soporte f\u00edsico. Est\u00e1 absolutamente prohibido, el uso del sitio web o de alguno de sus elementos con fines comerciales o il\u00edcitos. La Zubia Ya no asumir\u00e1 ninguna responsabilidad derivada del uso por terceros del contenido del sitio web y podr\u00e1 ejercitar todas las acciones civiles o penales que le correspondan en caso de infracci\u00f3n de estos derechos por parte del usuario.<\/p>\n\n\n\n<p>Cookies<\/p>\n\n\n\n<p>El sitio web de www.lazubiaya.es utiliza \u201ccookies\u201d (peque\u00f1os archivos de informaci\u00f3n que el servidor env\u00eda al ordenador de quien accede a la p\u00e1gina) en la medida imprescindible para el correcto funcionamiento y visualizaci\u00f3n del sitio web por parte del usuario. Las \u201ccookies\u201d utilizadas en el sitio web tienen, en todo caso, car\u00e1cter temporal y desaparecen al terminar la sesi\u00f3n del usuario. En ning\u00fan caso se utilizar\u00e1n las \u201ccookies\u201d para recoger informaci\u00f3n de car\u00e1cter personal.<\/p>\n\n\n\n<p>Modificaciones<\/p>\n\n\n\n<p>Con el fin de mejorar las prestaciones del sitio web, La Zubia Ya se reserva el derecho, en cualquier momento y sin previa notificaci\u00f3n al usuario, a modificar, ampliar o suspender temporalmente la presentaci\u00f3n, configuraci\u00f3n, especificaciones t\u00e9cnicas y servicios del sitio web, de forma unilateral. Asimismo, se reserva el derecho de modificar en cualquier momento las presentes condiciones de uso as\u00ed como cualesquiera otras condiciones particulares.<\/p>\n\n\n\n<p>Exclusi\u00f3n de responsabilidad<\/p>\n\n\n\n<p>La Zubia Ya no se responsabiliza de los eventuales errores tipogr\u00e1ficos, formales o num\u00e9ricos que pueda contener el sitio web, ni de la exactitud de la informaci\u00f3n contenida en \u00e9l. La Zubia Ya no se hace responsable, en ning\u00fan caso, de los da\u00f1os y perjuicios de cualquier naturaleza que pudieran ocasionar, a t\u00edtulo enunciativo: errores u omisiones en los contenidos, falta de disponibilidad del portal o la transmisi\u00f3n de virus o programas maliciosos o lesivos en los contenidos, a pesar de haber adoptado todas las medidas tecnol\u00f3gicas necesarias para evitarlo.<\/p>\n\n\n\n<p>Hiperenlaces<\/p>\n\n\n\n<p>Los hiperenlaces contenidos en el sitio web www.lazubiaya.es pueden dirigir a p\u00e1ginas web de terceros. La Zubia Ya no asume ninguna responsabilidad por el contenido, informaciones o servicios que pudieran aparecer en dichos sitios, que tendr\u00e1n exclusivamente car\u00e1cter informativo y que en ning\u00fan caso implican relaci\u00f3n alguna entre La Zubia Ya y a las personas o entidades titulares de tales contenidos o titulares de los sitios donde se encuentren.<\/p>\n\n\n\n<p>Legislaci\u00f3n y jurisdicci\u00f3n aplicable<\/p>\n\n\n\n<p>La relaci\u00f3n entre La Zubia Ya y el usuario se regir\u00e1 por la normativa espa\u00f1ola vigente y cualquier controversia se someter\u00e1 a los juzgados y Tribunales de Granada.<\/p>\n\n\n\n<p><\/p>\n\n\n\n<h2 class=\"wp-block-heading\">Pol\u00edtica de privacidad <\/h2>\n\n\n\n<p>La Zubia Ya es el titular de www.lazubiaya.es y conforme a la Ley Org\u00e1nica 15\/1999, de 13 de diciembre, de Protecci\u00f3n de Datos de Car\u00e1cter Personal y de su normativa de desarrollo, est\u00e1 obligado a proteger el tratamiento de los datos personales, las libertades p\u00fablicas y los derechos fundamentales de las personas f\u00edsicas que son usuarios de nuestro sitio web o que acceden a nuestra p\u00e1gina, especialmente en relaci\u00f3n con su honor e intimidad personal y familiar. Para ello hemos desarrollado los requisitos t\u00e9cnicos necesarios que garanticen el tratamiento confidencial de los datos, evitar su p\u00e9rdida, alteraci\u00f3n y acceso o uso fraudulento.<\/p>\n\n\n\n<p>La Zubia Ya informa de que todos los datos personales que facilite a trav\u00e9s de formularios electr\u00f3nicos, mediante correo electr\u00f3nico, y\/o suscripci\u00f3n a los servicios del sitio web, ser\u00e1n tratados con estricta confidencialidad tal y como exige la Ley Org\u00e1nica 15\/1999, de 13 de diciembre, de Protecci\u00f3n de Datos de car\u00e1cter personal. <\/p>\n\n\n\n<p>El usuario garantiza que los datos personales que facilita son veraces y correctos, y La Zubia Ya se reserva el derecho a excluir de los servicios del sitio web a todo usuario que haya facilitado datos falsos, sin perjuicio de las dem\u00e1s acciones que procedan en Derecho. Los Menores de edad deber\u00e1n obtener el permiso de sus padres, tutores o representantes legales para poder acceder a los servicios prestados.<\/p>\n\n\n\n<p>Finalmente, el Usuario podr\u00e1 ejercer sus derechos de oposici\u00f3n, acceso, rectificaci\u00f3n y cancelaci\u00f3n de los datos en los t\u00e9rminos legales establecidos en la LOPD, o mediante el env\u00edo de una notificaci\u00f3n por correo ordinario o electr\u00f3nico a la siguiente direcci\u00f3n: info@lazubiaya.es.<\/p>\n\n\n\n<p><\/p>\n","protected":false},"excerpt":{"rendered":"<p>Aviso Legal para p\u00e1gina web www.lazubiaya.es El presente aviso legal recoge las condiciones generales que rigen el acceso y el uso del [&hellip;]<\/p>\n","protected":false},"author":1,"featured_media":0,"parent":0,"menu_order":0,"comment_status":"closed","ping_status":"closed","template":"page-templates\/page_fullwidth.php","meta":{"footnotes":""},"yoast_head":"<!-- This site is optimized with the Yoast SEO plugin v20.4 - https:\/\/yoast.com\/wordpress\/plugins\/seo\/ -->\n<title>Aviso legal y Pol\u00edtica de privacidad - La Zubia Ya<\/title>\n<meta name=\"robots\" content=\"index, follow, max-snippet:-1, max-image-preview:large, max-video-preview:-1\" \/>\n<link rel=\"canonical\" href=\"https:\/\/lazubiaya.es\/index.php\/privacy-policy\/\" \/>\n<meta property=\"og:locale\" content=\"es_ES\" \/>\n<meta property=\"og:type\" content=\"article\" \/>\n<meta property=\"og:title\" content=\"Aviso legal y Pol\u00edtica de privacidad - La Zubia Ya\" \/>\n<meta property=\"og:description\" content=\"Aviso Legal para p\u00e1gina web www.lazubiaya.es El presente aviso legal recoge las condiciones generales que rigen el acceso y el uso del [&hellip;]\" \/>\n<meta property=\"og:url\" content=\"https:\/\/lazubiaya.es\/index.php\/privacy-policy\/\" \/>\n<meta property=\"og:site_name\" content=\"La Zubia Ya\" \/>\n<meta property=\"article:publisher\" content=\"https:\/\/www.facebook.com\/lazubiaya\/\" \/>\n<meta property=\"article:modified_time\" content=\"2023-02-21T09:38:47+00:00\" \/>\n<meta name=\"twitter:card\" content=\"summary_large_image\" \/>\n<meta name=\"twitter:label1\" content=\"Tiempo de lectura\" \/>\n\t<meta name=\"twitter:data1\" content=\"7 minutos\" \/>\n<script type=\"application\/ld+json\" class=\"yoast-schema-graph\">{\"@context\":\"https:\/\/schema.org\",\"@graph\":[{\"@type\":\"WebPage\",\"@id\":\"https:\/\/lazubiaya.es\/index.php\/privacy-policy\/\",\"url\":\"https:\/\/lazubiaya.es\/index.php\/privacy-policy\/\",\"name\":\"Aviso legal y Pol\u00edtica de privacidad - La Zubia Ya\",\"isPartOf\":{\"@id\":\"https:\/\/lazubiaya.es\/#website\"},\"datePublished\":\"2022-11-24T12:40:00+00:00\",\"dateModified\":\"2023-02-21T09:38:47+00:00\",\"breadcrumb\":{\"@id\":\"https:\/\/lazubiaya.es\/index.php\/privacy-policy\/#breadcrumb\"},\"inLanguage\":\"es\",\"potentialAction\":[{\"@type\":\"ReadAction\",\"target\":[\"https:\/\/lazubiaya.es\/index.php\/privacy-policy\/\"]}]},{\"@type\":\"BreadcrumbList\",\"@id\":\"https:\/\/lazubiaya.es\/index.php\/privacy-policy\/#breadcrumb\",\"itemListElement\":[{\"@type\":\"ListItem\",\"position\":1,\"name\":\"Portada\",\"item\":\"https:\/\/lazubiaya.es\/\"},{\"@type\":\"ListItem\",\"position\":2,\"name\":\"Aviso legal y Pol\u00edtica de privacidad\"}]},{\"@type\":\"WebSite\",\"@id\":\"https:\/\/lazubiaya.es\/#website\",\"url\":\"https:\/\/lazubiaya.es\/\",\"name\":\"La Zubia Ya\",\"description\":\"La Zubia apuesta por el cambio YA\",\"publisher\":{\"@id\":\"https:\/\/lazubiaya.es\/#organization\"},\"potentialAction\":[{\"@type\":\"SearchAction\",\"target\":{\"@type\":\"EntryPoint\",\"urlTemplate\":\"https:\/\/lazubiaya.es\/?s={search_term_string}\"},\"query-input\":\"required name=search_term_string\"}],\"inLanguage\":\"es\"},{\"@type\":\"Organization\",\"@id\":\"https:\/\/lazubiaya.es\/#organization\",\"name\":\"La Zubia Ya\",\"url\":\"https:\/\/lazubiaya.es\/\",\"logo\":{\"@type\":\"ImageObject\",\"inLanguage\":\"es\",\"@id\":\"https:\/\/lazubiaya.es\/#\/schema\/logo\/image\/\",\"url\":\"https:\/\/lazubiaya.es\/wp-content\/uploads\/2022\/11\/cropped-LOGO_V-1.jpg\",\"contentUrl\":\"https:\/\/lazubiaya.es\/wp-content\/uploads\/2022\/11\/cropped-LOGO_V-1.jpg\",\"width\":512,\"height\":512,\"caption\":\"La Zubia Ya\"},\"image\":{\"@id\":\"https:\/\/lazubiaya.es\/#\/schema\/logo\/image\/\"},\"sameAs\":[\"https:\/\/www.facebook.com\/lazubiaya\/\"]}]}<\/script>\n<!-- \/ Yoast SEO plugin. -->","yoast_head_json":{"title":"Aviso legal y Pol\u00edtica de privacidad - La Zubia Ya","robots":{"index":"index","follow":"follow","max-snippet":"max-snippet:-1","max-image-preview":"max-image-preview:large","max-video-preview":"max-video-preview:-1"},"canonical":"https:\/\/lazubiaya.es\/index.php\/privacy-policy\/","og_locale":"es_ES","og_type":"article","og_title":"Aviso legal y Pol\u00edtica de privacidad - La Zubia Ya","og_description":"Aviso Legal para p\u00e1gina web www.lazubiaya.es El presente aviso legal recoge las condiciones generales que rigen el acceso y el uso del [&hellip;]","og_url":"https:\/\/lazubiaya.es\/index.php\/privacy-policy\/","og_site_name":"La Zubia Ya","article_publisher":"https:\/\/www.facebook.com\/lazubiaya\/","article_modified_time":"2023-02-21T09:38:47+00:00","twitter_card":"summary_large_image","twitter_misc":{"Tiempo de lectura":"7 minutos"},"schema":{"@context":"https:\/\/schema.org","@graph":[{"@type":"WebPage","@id":"https:\/\/lazubiaya.es\/index.php\/privacy-policy\/","url":"https:\/\/lazubiaya.es\/index.php\/privacy-policy\/","name":"Aviso legal y Pol\u00edtica de privacidad - La Zubia Ya","isPartOf":{"@id":"https:\/\/lazubiaya.es\/#website"},"datePublished":"2022-11-24T12:40:00+00:00","dateModified":"2023-02-21T09:38:47+00:00","breadcrumb":{"@id":"https:\/\/lazubiaya.es\/index.php\/privacy-policy\/#breadcrumb"},"inLanguage":"es","potentialAction":[{"@type":"ReadAction","target":["https:\/\/lazubiaya.es\/index.php\/privacy-policy\/"]}]},{"@type":"BreadcrumbList","@id":"https:\/\/lazubiaya.es\/index.php\/privacy-policy\/#breadcrumb","itemListElement":[{"@type":"ListItem","position":1,"name":"Portada","item":"https:\/\/lazubiaya.es\/"},{"@type":"ListItem","position":2,"name":"Aviso legal y Pol\u00edtica de privacidad"}]},{"@type":"WebSite","@id":"https:\/\/lazubiaya.es\/#website","url":"https:\/\/lazubiaya.es\/","name":"La Zubia Ya","description":"La Zubia apuesta por el cambio YA","publisher":{"@id":"https:\/\/lazubiaya.es\/#organization"},"potentialAction":[{"@type":"SearchAction","target":{"@type":"EntryPoint","urlTemplate":"https:\/\/lazubiaya.es\/?s={search_term_string}"},"query-input":"required name=search_term_string"}],"inLanguage":"es"},{"@type":"Organization","@id":"https:\/\/lazubiaya.es\/#organization","name":"La Zubia Ya","url":"https:\/\/lazubiaya.es\/","logo":{"@type":"ImageObject","inLanguage":"es","@id":"https:\/\/lazubiaya.es\/#\/schema\/logo\/image\/","url":"https:\/\/lazubiaya.es\/wp-content\/uploads\/2022\/11\/cropped-LOGO_V-1.jpg","contentUrl":"https:\/\/lazubiaya.es\/wp-content\/uploads\/2022\/11\/cropped-LOGO_V-1.jpg","width":512,"height":512,"caption":"La Zubia Ya"},"image":{"@id":"https:\/\/lazubiaya.es\/#\/schema\/logo\/image\/"},"sameAs":["https:\/\/www.facebook.com\/lazubiaya\/"]}]}},"_links":{"self":[{"href":"https:\/\/lazubiaya.es\/index.php\/wp-json\/wp\/v2\/pages\/3"}],"collection":[{"href":"https:\/\/lazubiaya.es\/index.php\/wp-json\/wp\/v2\/pages"}],"about":[{"href":"https:\/\/lazubiaya.es\/index.php\/wp-json\/wp\/v2\/types\/page"}],"author":[{"embeddable":true,"href":"https:\/\/lazubiaya.es\/index.php\/wp-json\/wp\/v2\/users\/1"}],"replies":[{"embeddable":true,"href":"https:\/\/lazubiaya.es\/index.php\/wp-json\/wp\/v2\/comments?post=3"}],"version-history":[{"count":1,"href":"https:\/\/lazubiaya.es\/index.php\/wp-json\/wp\/v2\/pages\/3\/revisions"}],"predecessor-version":[{"id":200,"href":"https:\/\/lazubiaya.es\/index.php\/wp-json\/wp\/v2\/pages\/3\/revisions\/200"}],"wp:attachment":[{"href":"https:\/\/lazubiaya.es\/index.php\/wp-json\/wp\/v2\/media?parent=3"}],"curies":[{"name":"wp","href":"https:\/\/api.w.org\/{rel}","templated":true}]}}