{"id":338,"date":"2023-02-03T11:49:59","date_gmt":"2023-02-03T11:49:59","guid":{"rendered":"https:\/\/lazubiaya.es\/?page_id=338"},"modified":"2023-02-23T09:11:52","modified_gmt":"2023-02-23T09:11:52","slug":"propuestas","status":"publish","type":"page","link":"https:\/\/lazubiaya.es\/index.php\/propuestas\/","title":{"rendered":"PROPUESTAS RECIBIDAS"},"content":{"rendered":"\n<div class=\"wp-block-query is-layout-flow wp-block-query-is-layout-flow\">\n<div class=\"wp-block-columns is-not-stacked-on-mobile is-layout-flex wp-container-core-columns-is-layout-1 wp-block-columns-is-layout-flex\">\n<div class=\"wp-block-column is-layout-flow wp-block-column-is-layout-flow\" style=\"flex-basis:100%\"><ul class=\"wp-block-post-template is-layout-flow wp-block-post-template-is-layout-flow\"><li class=\"wp-block-post post-699 post type-post status-publish format-standard hentry category-propuestas\">\n<h2 style=\"font-size:28px;\" class=\"wp-block-post-title\">Horario mercadillo los jueves<\/h2>\n\n\n\n<div class=\"entry-content wp-block-post-content is-layout-flow wp-block-post-content-is-layout-flow\">\n<p>Ampliaci\u00f3n del horario del mercadillo los jueves ya que hay personas que no pueden acudir seg\u00fan el cierre actual que es a la 13:30. Por lo menos que sea a las 14:00.<\/p>\n<\/div>\n\n\n<hr class=\"wp-block-separator has-css-opacity\"\/>\n\n<\/li><li class=\"wp-block-post post-697 post type-post status-publish format-standard hentry category-propuestas\">\n<h2 style=\"font-size:28px;\" class=\"wp-block-post-title\">APP PARA AUTOBUSES PERIURBANOS CON LOCALIZACION<\/h2>\n\n\n\n<div class=\"entry-content wp-block-post-content is-layout-flow wp-block-post-content-is-layout-flow\">\n<p>PROPONGO INSTALAR UNA APP CON LOCALIZADOR A LOS AUTOBUSES PERIURBANOS DONDE SE INDIQUE LAS LLEGADAS EN HORA REAL A SUS PARADAS (COMO YA LO TIENEN EN GRANADA CAPITAL).<\/p>\n<\/div>\n\n\n<hr class=\"wp-block-separator has-css-opacity\"\/>\n\n<\/li><li class=\"wp-block-post post-695 post type-post status-publish format-standard hentry category-propuestas\">\n<h2 style=\"font-size:28px;\" class=\"wp-block-post-title\">ASFALTADO CAMINO RURAL Y PONER SEMAFORO<\/h2>\n\n\n\n<div class=\"entry-content wp-block-post-content is-layout-flow wp-block-post-content-is-layout-flow\">\n<p>COMO PARECE BASTANTE COMPLICADO EL CARRIL BICI COMPLETO EN LA CARRETERA DE LA ZUBIA, PRONPONGO ASFALTAR EL CAMINO RURAL QUE HAY DETRAS DEL POLIGONO INDUSTRIAL, DESDE LA ESQUINA DE APDOPT\u00d3 PEREZ ESQUIVEL HASTA EL BARRIOCHUELO.<br>ADEMAS DE PONER UN SEMAFORO EN EL PASO DE PEATONES DE LA FINCA MARQUESA.<br>CON ESTO LAS PERSONAS QUE QUIERAN UTILIZAR BICICLETAS O PATINES ELECTRICOS EVITAR\u00cdAN EL PELIGRO DE LA CARRETERA, PINCHANZOS Y REVENTONES DE RUEDAS.<\/p>\n<\/div>\n\n\n<hr class=\"wp-block-separator has-css-opacity\"\/>\n\n<\/li><li class=\"wp-block-post post-693 post type-post status-publish format-standard hentry category-propuestas\">\n<h2 style=\"font-size:28px;\" class=\"wp-block-post-title\">Mejora medioambiental<\/h2>\n\n\n\n<div class=\"entry-content wp-block-post-content is-layout-flow wp-block-post-content-is-layout-flow\">\n<p>Limpieza y cuidado de las zonas verdes en La Zubia c\u00f3mo pueden ser los parques y Cumbres Verdes. La \u00faltima vez que visite cumbres verdes estaba repleto de cristales rotos, condones usados, basura por doquier. Un lugar inseguro para los m\u00e1s peque\u00f1os.<\/p>\n<\/div>\n\n\n<hr class=\"wp-block-separator has-css-opacity\"\/>\n\n<\/li><li class=\"wp-block-post post-691 post type-post status-publish format-standard hentry category-propuestas\">\n<h2 style=\"font-size:28px;\" class=\"wp-block-post-title\">Espacios l\u00fadicos seguros<\/h2>\n\n\n\n<div class=\"entry-content wp-block-post-content is-layout-flow wp-block-post-content-is-layout-flow\">\n<p>Los parques de la Zubia est\u00e1n repletos de columpios rotos que no son seguros para su uso. Adem\u00e1s, el suelo donde est\u00e1n los parques est\u00e1 desnivelado y repleto de agujeros siendo un parque inseguro para las personas m\u00e1s peque\u00f1as (sobre todo el parque de la encina).<\/p>\n<\/div>\n\n\n<hr class=\"wp-block-separator has-css-opacity\"\/>\n\n<\/li><li class=\"wp-block-post post-687 post type-post status-publish format-standard hentry category-propuestas\">\n<h2 style=\"font-size:28px;\" class=\"wp-block-post-title\">TECNICO DE DINAMIZACION EDUCATIVA<\/h2>\n\n\n\n<div class=\"entry-content wp-block-post-content is-layout-flow wp-block-post-content-is-layout-flow\">\n<p>LA CONCEJALIA DE EDUCACION DEBE DE CONTAR CON UN TECNICO CUALIFICADO, PARA LA DIBAMIZACION EDUCATIVA, Y DEJAR DE UTILIZAR Y MEZCLAR EL PROGRAMA DE UNA CONCEJALIA DE TURISMO INXISTENTE, Y LLAMAR TURISMO A LA PROMOCION DE LAS ESCUELAS. ESTA CLARO QUE EL TECNICO DE EDUCACION ES NECESARIO PARA DESARROLLAR LOS ITINERARIO Y VISITAS GUIADAS POR EL PATRIMONIO DE LA ZUBIA, QUE NADA TIENE QUE VER NI POR ERROR CON ACTIVIDADES TURISTICAS.<\/p>\n<\/div>\n\n\n<hr class=\"wp-block-separator has-css-opacity\"\/>\n\n<\/li><li class=\"wp-block-post post-685 post type-post status-publish format-standard hentry category-propuestas\">\n<h2 style=\"font-size:28px;\" class=\"wp-block-post-title\">JORNADA ILUSTRES DE PERSONAJES LITERARIOS<\/h2>\n\n\n\n<div class=\"entry-content wp-block-post-content is-layout-flow wp-block-post-content-is-layout-flow\">\n<p>POESIA EN EL LAUREL, BUQUE INSIGNIA DE LA CULTURA EN LA ZUBA, DEBIA DE DECIAR UNA JORDADA A UN PERSONAJE O A UNA EPOCA DE ESE PERSONAJE, QUE POR ALGUN MOTIVO SE HA CRUZADO CON LA HISTORIA DE LA ZUBIA. 15 DE FESTIVAL, DAN PARA MUCHO. AUNQUE SOLO SE CELEBRA DURANTE TRES MARTES, HABRIA QUE UTILIZAR EL RESTO DE LOS DIAS PARA DESARROLLAR ACTIVIDADES COMPLEMENTARIA EN LA ZUBIA.<\/p>\n<\/div>\n\n\n<hr class=\"wp-block-separator has-css-opacity\"\/>\n\n<\/li><li class=\"wp-block-post post-683 post type-post status-publish format-standard hentry category-propuestas\">\n<h2 style=\"font-size:28px;\" class=\"wp-block-post-title\">CAMBIO DE NOMBRE DE CAMINO FORESTAL A BOULEVARD DE PERSONAJES ILUSTRES<\/h2>\n\n\n\n<div class=\"entry-content wp-block-post-content is-layout-flow wp-block-post-content-is-layout-flow\">\n<p>LA IDEA, ES QUE YA QUE EL CAMINO FORESTAL TERMINA EN EL CENTRO CARMEN JIMENEZ, ILUSTRE MUJER DE LA ZUBIA. ESE CAMINO SE PODRIA CONVERTIR EN UN BULEVARD CON NOMBRES DE PERSONAJES ILUSTRES DE LA HISTORIA DE LA ZUBIA, BIEN EN EL SUELO, COMO HOLLYWOOD O CON PEQUE\u00d1OS MONOLITOS, CON REFRENCIAS BIOGRAFICAS E IMAGENES. POR UNA COMISION DE INVESTIGACION QUE DE FORMA PONDERADA Y CON UNA CLARA HOJA DE RUTA, DETERMINARA A ESOS ILUSTRES PERSONAJES Y PORQUE. EL RESULTADO SE CONSULTARIA A LA CIUDADANIA, PARA QUE OPINARAN.<\/p>\n<\/div>\n\n\n<hr class=\"wp-block-separator has-css-opacity\"\/>\n\n<\/li><li class=\"wp-block-post post-681 post type-post status-publish format-standard hentry category-propuestas\">\n<h2 style=\"font-size:28px;\" class=\"wp-block-post-title\">Peatonalizaci\u00f3n Pablo Iglesias<\/h2>\n\n\n\n<div class=\"entry-content wp-block-post-content is-layout-flow wp-block-post-content-is-layout-flow\">\n<p>La Zubia carece de una calle comercial \u00abdisfrutable\u00bb. La plaza Zubicentro qued\u00f3 exclusivamente para hosteler\u00eda, dejando las dos principales calles comerciales de La Zubia sumamente inc\u00f3modas y muy poco atractivas. La peatonalizaci\u00f3n de al menos una de ellas (Pablo Iglesias o Garc\u00eda Lorca), supondr\u00eda un impulso tremendo al comercio local y sin lugar a dudas, una apuesta por la mejora de la calidad de vida de los zubienses.<\/p>\n<\/div>\n\n\n<hr class=\"wp-block-separator has-css-opacity\"\/>\n\n<\/li><li class=\"wp-block-post post-679 post type-post status-publish format-standard hentry category-propuestas\">\n<h2 style=\"font-size:28px;\" class=\"wp-block-post-title\">MERCADOS DE PROXIMIDAD<\/h2>\n\n\n\n<div class=\"entry-content wp-block-post-content is-layout-flow wp-block-post-content-is-layout-flow\">\n<p>MERCADOS LOCALES, DE PRODUCTOS LOCALES O ARTESANALES, SIN INTERMEDIARIO Y SIN CONFLICTO CON LOS ESTABLECIMEINTO EXISTENTES, EN HORARIO Y TIEMPO NO COINCIDENTES, Y DIRECTOS AL CONSUMIDOR<\/p>\n<\/div>\n\n\n<hr class=\"wp-block-separator has-css-opacity\"\/>\n\n<\/li><\/ul><\/div>\n<\/div>\n\n\n<nav class=\"has-text-color has-vivid-green-cyan-color wp-block-query-pagination is-content-justification-center is-layout-flex wp-container-core-query-pagination-is-layout-1 wp-block-query-pagination-is-layout-flex\" aria-label=\"Paginaci\u00f3n\">\n\n\n<div class=\"wp-block-query-pagination-numbers\"><span aria-current=\"page\" class=\"page-numbers current\">1<\/span>\n<a class=\"page-numbers\" href=\"?query-7-page=2\">2<\/a>\n<a class=\"page-numbers\" href=\"?query-7-page=3\">3<\/a>\n<span class=\"page-numbers dots\">&hellip;<\/span>\n<a class=\"page-numbers\" href=\"?query-7-page=15\">15<\/a><\/div>\n\n<a href=\"\/index.php\/wp-json\/wp\/v2\/pages\/338?query-7-page=2\" class=\"wp-block-query-pagination-next\">P\u00e1gina siguiente<span class='wp-block-query-pagination-next-arrow is-arrow-chevron' aria-hidden='true'>\u00bb<\/span><\/a>\n<\/nav><\/div>\n","protected":false},"excerpt":{"rendered":"","protected":false},"author":1,"featured_media":0,"parent":0,"menu_order":0,"comment_status":"closed","ping_status":"closed","template":"","meta":{"footnotes":""},"yoast_head":"<!-- This site is optimized with the Yoast SEO plugin v20.4 - https:\/\/yoast.com\/wordpress\/plugins\/seo\/ -->\n<title>PROPUESTAS RECIBIDAS - La Zubia Ya<\/title>\n<meta name=\"robots\" content=\"index, follow, max-snippet:-1, max-image-preview:large, max-video-preview:-1\" \/>\n<link rel=\"canonical\" href=\"https:\/\/lazubiaya.es\/index.php\/propuestas\/\" \/>\n<meta property=\"og:locale\" content=\"es_ES\" \/>\n<meta property=\"og:type\" content=\"article\" \/>\n<meta property=\"og:title\" content=\"PROPUESTAS RECIBIDAS - La Zubia Ya\" \/>\n<meta property=\"og:url\" content=\"https:\/\/lazubiaya.es\/index.php\/propuestas\/\" \/>\n<meta property=\"og:site_name\" content=\"La Zubia Ya\" \/>\n<meta property=\"article:publisher\" content=\"https:\/\/www.facebook.com\/lazubiaya\/\" \/>\n<meta property=\"article:modified_time\" content=\"2023-02-23T09:11:52+00:00\" \/>\n<meta name=\"twitter:card\" content=\"summary_large_image\" \/>\n<script type=\"application\/ld+json\" class=\"yoast-schema-graph\">{\"@context\":\"https:\/\/schema.org\",\"@graph\":[{\"@type\":\"WebPage\",\"@id\":\"https:\/\/lazubiaya.es\/index.php\/propuestas\/\",\"url\":\"https:\/\/lazubiaya.es\/index.php\/propuestas\/\",\"name\":\"PROPUESTAS RECIBIDAS - La Zubia Ya\",\"isPartOf\":{\"@id\":\"https:\/\/lazubiaya.es\/#website\"},\"datePublished\":\"2023-02-03T11:49:59+00:00\",\"dateModified\":\"2023-02-23T09:11:52+00:00\",\"breadcrumb\":{\"@id\":\"https:\/\/lazubiaya.es\/index.php\/propuestas\/#breadcrumb\"},\"inLanguage\":\"es\",\"potentialAction\":[{\"@type\":\"ReadAction\",\"target\":[\"https:\/\/lazubiaya.es\/index.php\/propuestas\/\"]}]},{\"@type\":\"BreadcrumbList\",\"@id\":\"https:\/\/lazubiaya.es\/index.php\/propuestas\/#breadcrumb\",\"itemListElement\":[{\"@type\":\"ListItem\",\"position\":1,\"name\":\"Portada\",\"item\":\"https:\/\/lazubiaya.es\/\"},{\"@type\":\"ListItem\",\"position\":2,\"name\":\"PROPUESTAS RECIBIDAS\"}]},{\"@type\":\"WebSite\",\"@id\":\"https:\/\/lazubiaya.es\/#website\",\"url\":\"https:\/\/lazubiaya.es\/\",\"name\":\"La Zubia Ya\",\"description\":\"La Zubia apuesta por el cambio YA\",\"publisher\":{\"@id\":\"https:\/\/lazubiaya.es\/#organization\"},\"potentialAction\":[{\"@type\":\"SearchAction\",\"target\":{\"@type\":\"EntryPoint\",\"urlTemplate\":\"https:\/\/lazubiaya.es\/?s={search_term_string}\"},\"query-input\":\"required name=search_term_string\"}],\"inLanguage\":\"es\"},{\"@type\":\"Organization\",\"@id\":\"https:\/\/lazubiaya.es\/#organization\",\"name\":\"La Zubia Ya\",\"url\":\"https:\/\/lazubiaya.es\/\",\"logo\":{\"@type\":\"ImageObject\",\"inLanguage\":\"es\",\"@id\":\"https:\/\/lazubiaya.es\/#\/schema\/logo\/image\/\",\"url\":\"https:\/\/lazubiaya.es\/wp-content\/uploads\/2022\/11\/cropped-LOGO_V-1.jpg\",\"contentUrl\":\"https:\/\/lazubiaya.es\/wp-content\/uploads\/2022\/11\/cropped-LOGO_V-1.jpg\",\"width\":512,\"height\":512,\"caption\":\"La Zubia Ya\"},\"image\":{\"@id\":\"https:\/\/lazubiaya.es\/#\/schema\/logo\/image\/\"},\"sameAs\":[\"https:\/\/www.facebook.com\/lazubiaya\/\"]}]}<\/script>\n<!-- \/ Yoast SEO plugin. -->","yoast_head_json":{"title":"PROPUESTAS RECIBIDAS - La Zubia Ya","robots":{"index":"index","follow":"follow","max-snippet":"max-snippet:-1","max-image-preview":"max-image-preview:large","max-video-preview":"max-video-preview:-1"},"canonical":"https:\/\/lazubiaya.es\/index.php\/propuestas\/","og_locale":"es_ES","og_type":"article","og_title":"PROPUESTAS RECIBIDAS - La Zubia Ya","og_url":"https:\/\/lazubiaya.es\/index.php\/propuestas\/","og_site_name":"La Zubia Ya","article_publisher":"https:\/\/www.facebook.com\/lazubiaya\/","article_modified_time":"2023-02-23T09:11:52+00:00","twitter_card":"summary_large_image","schema":{"@context":"https:\/\/schema.org","@graph":[{"@type":"WebPage","@id":"https:\/\/lazubiaya.es\/index.php\/propuestas\/","url":"https:\/\/lazubiaya.es\/index.php\/propuestas\/","name":"PROPUESTAS RECIBIDAS - La Zubia Ya","isPartOf":{"@id":"https:\/\/lazubiaya.es\/#website"},"datePublished":"2023-02-03T11:49:59+00:00","dateModified":"2023-02-23T09:11:52+00:00","breadcrumb":{"@id":"https:\/\/lazubiaya.es\/index.php\/propuestas\/#breadcrumb"},"inLanguage":"es","potentialAction":[{"@type":"ReadAction","target":["https:\/\/lazubiaya.es\/index.php\/propuestas\/"]}]},{"@type":"BreadcrumbList","@id":"https:\/\/lazubiaya.es\/index.php\/propuestas\/#breadcrumb","itemListElement":[{"@type":"ListItem","position":1,"name":"Portada","item":"https:\/\/lazubiaya.es\/"},{"@type":"ListItem","position":2,"name":"PROPUESTAS RECIBIDAS"}]},{"@type":"WebSite","@id":"https:\/\/lazubiaya.es\/#website","url":"https:\/\/lazubiaya.es\/","name":"La Zubia Ya","description":"La Zubia apuesta por el cambio YA","publisher":{"@id":"https:\/\/lazubiaya.es\/#organization"},"potentialAction":[{"@type":"SearchAction","target":{"@type":"EntryPoint","urlTemplate":"https:\/\/lazubiaya.es\/?s={search_term_string}"},"query-input":"required name=search_term_string"}],"inLanguage":"es"},{"@type":"Organization","@id":"https:\/\/lazubiaya.es\/#organization","name":"La Zubia Ya","url":"https:\/\/lazubiaya.es\/","logo":{"@type":"ImageObject","inLanguage":"es","@id":"https:\/\/lazubiaya.es\/#\/schema\/logo\/image\/","url":"https:\/\/lazubiaya.es\/wp-content\/uploads\/2022\/11\/cropped-LOGO_V-1.jpg","contentUrl":"https:\/\/lazubiaya.es\/wp-content\/uploads\/2022\/11\/cropped-LOGO_V-1.jpg","width":512,"height":512,"caption":"La Zubia Ya"},"image":{"@id":"https:\/\/lazubiaya.es\/#\/schema\/logo\/image\/"},"sameAs":["https:\/\/www.facebook.com\/lazubiaya\/"]}]}},"_links":{"self":[{"href":"https:\/\/lazubiaya.es\/index.php\/wp-json\/wp\/v2\/pages\/338"}],"collection":[{"href":"https:\/\/lazubiaya.es\/index.php\/wp-json\/wp\/v2\/pages"}],"about":[{"href":"https:\/\/lazubiaya.es\/index.php\/wp-json\/wp\/v2\/types\/page"}],"author":[{"embeddable":true,"href":"https:\/\/lazubiaya.es\/index.php\/wp-json\/wp\/v2\/users\/1"}],"replies":[{"embeddable":true,"href":"https:\/\/lazubiaya.es\/index.php\/wp-json\/wp\/v2\/comments?post=338"}],"version-history":[{"count":23,"href":"https:\/\/lazubiaya.es\/index.php\/wp-json\/wp\/v2\/pages\/338\/revisions"}],"predecessor-version":[{"id":640,"href":"https:\/\/lazubiaya.es\/index.php\/wp-json\/wp\/v2\/pages\/338\/revisions\/640"}],"wp:attachment":[{"href":"https:\/\/lazubiaya.es\/index.php\/wp-json\/wp\/v2\/media?parent=338"}],"curies":[{"name":"wp","href":"https:\/\/api.w.org\/{rel}","templated":true}]}}