{"id":90,"date":"2022-11-25T11:05:05","date_gmt":"2022-11-25T11:05:05","guid":{"rendered":"https:\/\/lazubiaya.es\/?page_id=90"},"modified":"2022-12-13T11:16:49","modified_gmt":"2022-12-13T11:16:49","slug":"llamamiento-a-los-ciudadanos-de-la-zubia","status":"publish","type":"page","link":"https:\/\/lazubiaya.es\/index.php\/llamamiento-a-los-ciudadanos-de-la-zubia\/","title":{"rendered":"LLAMAMIENTO"},"content":{"rendered":"\n<p>LA ZUBIA, 4 de Julio de 2022<\/p>\n\n\n\n<div class=\"wp-block-columns are-vertically-aligned-center is-layout-flex wp-container-core-columns-is-layout-1 wp-block-columns-is-layout-flex\">\n<div class=\"wp-block-column is-vertically-aligned-center is-layout-flow wp-block-column-is-layout-flow\"><div class=\"wp-block-image\">\n<figure class=\"alignright size-large is-resized\"><img loading=\"lazy\" decoding=\"async\" src=\"https:\/\/lazubiaya.es\/wp-content\/uploads\/2022\/11\/unnamed-1-705x1024.jpg\" alt=\"La Zubia Ya. Jos\u00e9 Antonio Romero Guerrero.\" class=\"wp-image-8\" width=\"353\" height=\"512\" srcset=\"https:\/\/lazubiaya.es\/wp-content\/uploads\/2022\/11\/unnamed-1-705x1024.jpg 705w, https:\/\/lazubiaya.es\/wp-content\/uploads\/2022\/11\/unnamed-1-207x300.jpg 207w, https:\/\/lazubiaya.es\/wp-content\/uploads\/2022\/11\/unnamed-1-768x1115.jpg 768w, https:\/\/lazubiaya.es\/wp-content\/uploads\/2022\/11\/unnamed-1-1058x1536.jpg 1058w, https:\/\/lazubiaya.es\/wp-content\/uploads\/2022\/11\/unnamed-1-1000x1452.jpg 1000w, https:\/\/lazubiaya.es\/wp-content\/uploads\/2022\/11\/unnamed-1-230x334.jpg 230w, https:\/\/lazubiaya.es\/wp-content\/uploads\/2022\/11\/unnamed-1-350x508.jpg 350w, https:\/\/lazubiaya.es\/wp-content\/uploads\/2022\/11\/unnamed-1-480x697.jpg 480w, https:\/\/lazubiaya.es\/wp-content\/uploads\/2022\/11\/unnamed-1.jpg 1125w\" sizes=\"(max-width: 353px) 100vw, 353px\" \/><figcaption class=\"wp-element-caption\">Jos\u00e9 Antonio Romero Guerrero<\/figcaption><\/figure><\/div><\/div>\n\n\n\n<div class=\"wp-block-column is-vertically-aligned-center is-layout-flow wp-block-column-is-layout-flow\"><div class=\"wp-block-image\">\n<figure class=\"alignleft size-full is-resized\"><img loading=\"lazy\" decoding=\"async\" src=\"https:\/\/lazubiaya.es\/wp-content\/uploads\/2022\/11\/qr.jpg\" alt=\"La Zubia Ya. Jos\u00e9 Antonio Romero Guerrero.\" class=\"wp-image-92\" width=\"225\" height=\"225\" srcset=\"https:\/\/lazubiaya.es\/wp-content\/uploads\/2022\/11\/qr.jpg 300w, https:\/\/lazubiaya.es\/wp-content\/uploads\/2022\/11\/qr-150x150.jpg 150w, https:\/\/lazubiaya.es\/wp-content\/uploads\/2022\/11\/qr-230x230.jpg 230w\" sizes=\"(max-width: 225px) 100vw, 225px\" \/><figcaption class=\"wp-element-caption\">Apoya esta candidatura con este c\u00f3digo QR, <br>o <a rel=\"noreferrer noopener\" href=\"https:\/\/forms.gle\/PLP4GDqA6rSQwdRw7\" target=\"_blank\">en el siguiente enlace<\/a><\/figcaption><\/figure><\/div><\/div>\n<\/div>\n\n\n\n<div class=\"wp-block-buttons alignfull is-layout-flex wp-block-buttons-is-layout-flex\">\n<div class=\"wp-block-button aligncenter has-custom-font-size is-style-fill has-medium-font-size\"><a class=\"wp-block-button__link has-background wp-element-button\" href=\"https:\/\/forms.gle\/PLP4GDqA6rSQwdRw7\" style=\"border-radius:10px;background-color:#307033\" target=\"_blank\" rel=\"noreferrer noopener\"><strong> <\/strong>apuesta por el cambio<\/a><\/div>\n<\/div>\n\n\n\n<div class=\"wp-block-group alignwide is-vertical is-content-justification-center is-layout-flex wp-container-core-group-is-layout-1 wp-block-group-is-layout-flex\">\n<p class=\"has-text-align-center\" style=\"font-size:24px\"><strong>A MIS VECINOS Y VECINAS DE LA ZUBIA<\/strong><\/p>\n\n\n\n<p class=\"has-text-align-center\" style=\"font-size:24px\"><strong>LA ZUBIA YA, necesitamos&nbsp; un cambio en nuestro ayuntamiento<\/strong><\/p>\n\n\n\n<p class=\"has-text-align-center\" style=\"font-size:24px\"><strong>PRIMER OBJETIVO: 500 apoyos<\/strong><\/p>\n<\/div>\n\n\n\n<hr class=\"wp-block-separator has-alpha-channel-opacity\"\/>\n\n\n\n<p>Me conoc\u00e9is sobradamente desde que llegu\u00e9 a este municipio en 1980, a\u00f1o en el que mi familia se estableci\u00f3 por motivos laborales. Soy Jos\u00e9 Antonio&nbsp; Romero Guerrero \u201cJos\u00e9 Gallagher&#8217;s\u201d como me conoce mucha gente, desde que fundamos nuestra cervecer\u00eda en el a\u00f1o 2003.<\/p>\n\n\n\n<p>Como vosotr@s, soy un vecino de este municipio que desde hace a\u00f1os ve con preocupaci\u00f3n&nbsp; la falta de compromiso o la incapacidad de nuestros gobiernos locales para resolver temas&nbsp; que son fundamentales para el presente y el futuro de La Zubia.<\/p>\n\n\n\n<p>En mi vida, adem\u00e1s de mi trabajo y mi actividad empresarial,&nbsp; he estado comprometido con distintas entidades del municipio (culturales, religiosas y deportivas). Hasta ayer mismo he sido miembro de la direcci\u00f3n de la Asociaci\u00f3n de Hosteler\u00eda, soy miembro de la Asociaci\u00f3n de Vecinos Paraisos-Corvales, he estado colaborando activamente con Asociaciones y Clubes deportivos sin \u00e1nimo de lucro, patrocinando y apoyando en la gesti\u00f3n de sus redes sociales,&nbsp; he estado en todo momento ayudando en la medida de mis posibilidades a los Scouts de La Zubia \u201cAtalanta 638\u201daportando material para sus instalaciones, ademas de asesorarlos en iniciativas y eventos para el buen desarrollo de sus actividades, he colaborado con el Ayuntamiento en todo lo que me han necesitado y me han propuesto siempre en beneficio de La Zubia.&nbsp;<\/p>\n\n\n\n<p>Desde todas esas entidades en uno y otro momento, con uno u otro tema, hemos comprobado que se puede mejorar de forma sustantiva la gesti\u00f3n de este ayuntamiento.&nbsp;<\/p>\n\n\n\n<p>Desde la Asociaci\u00f3n de Hosteler\u00eda, muchos y muchas soci@s me pidieron que diera un paso al frente y formara una candidatura que pudiera presentarse a las pr\u00f3ximas elecciones municipales, fuera del control de los grandes partidos, con gente nueva que nunca haya estado en pol\u00edtica y que durante 4 a\u00f1os quiera comprometerse a desatascar y resolver los problemas m\u00e1s urgentes que debemos afrontar en La Zubia.<\/p>\n\n\n\n<p>La limpieza, el desbrozado&nbsp; y mantenimiento de nuestro entorno, as\u00ed como&nbsp; los accesos que da&nbsp; rabia ver&nbsp; farolas apagadas durante meses y meses,&nbsp; el caos del tr\u00e1fico, las conexiones del transporte p\u00fablico con Granada, terminar de una vez la obra de la entrada a La Zubia, cuidar nuestro patrimonio que est\u00e1 abandonado durante d\u00e9cadas, cuidar&nbsp; y apoyar a nuestras empresas, a nuestro comercio y nuestra hosteler\u00eda que por tantas dificultades estamos pasando,&nbsp; cambiar el modo de gestionar el Ayuntamiento YA, pagar a los proveedores en tiempo y forma&nbsp; YA, ampliar nuestros institutos con especialidades de futuro que permitan a nuestros hijos tener m\u00e1s posibilidades de cara a la incorporaci\u00f3n en el \u00e1mbito laboral YA, apostar para recuperar de verdad la presencia de la Universidad en La Zubia YA, apostar&nbsp; por nuestro sector agro-alimentario de calidad YA, terminar y ampliar las obras eternas del complejo deportivo YA,&nbsp; arreglar el campo de los Hoyos YA, evitando que nuestros j\u00f3venes busquen en otros municipios cobijo para poder desarrollarse, YA que nuestras escuelas deportivas son cada vez m\u00e1s precarias, la falta de medios&nbsp; y de monitores especializados son la principal causa de quejas de los vecin@s que las demandan, arbolar nuestras calles y plazas YA, dotarnos de una red de aparcamientos&nbsp; p\u00fablicos YA , apoyar a nuestras asociaciones YA, mejorar la atenci\u00f3n a nuestras personas mayores YA, cambiar nuestro modelo energ\u00e9tico a renovables YA, lograr desbloquear los m\u00e1s de 7 millones de euros de remanentes que existen en el Ayuntamiento para cubrir necesidades y financiar estos proyectos YA, acudir a convocatorias de fondos europeos YA, son muchas las que se dejan de percibir por la dejaci\u00f3n de no solicitarlas, no hacerlo en plazo o no saber hacerlo.<\/p>\n\n\n\n<p>Esta candidatura ser\u00eda una <strong>candidatura ciudadana independiente<\/strong>, donde <strong>estar<\/strong><strong>\u00ed<\/strong><strong>amos <\/strong><strong>gente<\/strong><strong> de todas las sensibilidades y formas de pensar<\/strong>, pero comprometidas con&nbsp; La Zubia esto ser\u00eda nuestra principal preocupaci\u00f3n, NO las disputas de los partidos.&nbsp; Mujeres y hombres, mayores y j\u00f3venes,&nbsp; comprometid@s, solventes, de todos los barrios y de todas las profesiones, capaces de gestionar y poner a nuestro municipio en el lugar que le corresponde.<\/p>\n\n\n\n<p>Tras pensarlo y meditarlo mucho,&nbsp; tras comprobar que si me presento como candidato a alcalde, tengo&nbsp; gente&nbsp; relevante de este municipio, que est\u00e1n dispuestas a acompa\u00f1arme en este desaf\u00edo de mejorar la gesti\u00f3n de nuestro Ayuntamiento durante 4 a\u00f1os,&nbsp;&nbsp; he decidido dar el paso, pero necesito saber que hay un n\u00famero suficiente de vecin@s que me apoyan en esta decisi\u00f3n.&nbsp; <strong>Si antes del 1 de octubre l<\/strong><strong>ogro<\/strong><strong>&nbsp; 500 apoyos, formalizar<\/strong><strong>\u00e9 <\/strong><strong>esa candidatura para las elecciones municipales de Mayo del 2023 y daremos el SEGUNDO PASO, CONSTRUIR CON VUESTRA <\/strong><strong>PARTICIPACI<\/strong><strong>\u00d3<\/strong><strong>N UN PROGRAMA DE GOBIERNO ambicioso, posible y deseable que en 4 a<\/strong><strong>\u00f1<\/strong><strong>os podamos desarrollar con garant<\/strong><strong>\u00ed<\/strong><strong>as.<\/strong><\/p>\n\n\n\n<p>Entiendo que para avanzar es necesario comprometerse, y por ese compromiso con este municipio doy este paso. Y os pido que me acompa\u00f1\u00e9is, si realmente quer\u00e9is&nbsp; resolver los problemas de los que nos quejamos y poder hacer realidad lo que queremos.<\/p>\n\n\n\n<p><strong>EL FUTURO DE LA ZUBIA EST<\/strong><strong>\u00c1 <\/strong><strong>EN NUESTRAS MANOS. NADIE DESDE FUERA LO VA A CONSTRUIR, Y TAMPOCO LO HAR<\/strong><strong>\u00c1 <\/strong><strong>NADIE DE DENTRO QUE TENGA QUE COMPLACER A LOS SE FUERA<\/strong><strong><\/strong><\/p>\n\n\n\n<div class=\"wp-block-buttons alignfull is-layout-flex wp-block-buttons-is-layout-flex\">\n<div class=\"wp-block-button aligncenter has-custom-font-size is-style-fill has-medium-font-size\"><a class=\"wp-block-button__link has-background wp-element-button\" href=\"https:\/\/forms.gle\/PLP4GDqA6rSQwdRw7\" style=\"border-radius:10px;background-color:#307033\" target=\"_blank\" rel=\"noreferrer noopener\"><strong> <\/strong>apuesta por el cambio<\/a><\/div>\n<\/div>\n","protected":false},"excerpt":{"rendered":"<p>LA ZUBIA, 4 de Julio de 2022 A MIS VECINOS Y VECINAS DE LA ZUBIA LA ZUBIA YA, necesitamos&nbsp; un cambio en [&hellip;]<\/p>\n","protected":false},"author":1,"featured_media":0,"parent":0,"menu_order":0,"comment_status":"closed","ping_status":"closed","template":"page-templates\/page_fullwidth.php","meta":{"footnotes":""},"yoast_head":"<!-- This site is optimized with the Yoast SEO plugin v20.4 - https:\/\/yoast.com\/wordpress\/plugins\/seo\/ -->\n<title>LLAMAMIENTO - La Zubia Ya La Zubia<\/title>\n<meta name=\"description\" content=\"Llamamiento a todos los ciudadanos de La Zubia para apoyar esta iniciativa, con la que que queremos un cambio en el Ayuntamiento de La Zubia.\" \/>\n<meta name=\"robots\" content=\"index, follow, max-snippet:-1, max-image-preview:large, max-video-preview:-1\" \/>\n<link rel=\"canonical\" href=\"https:\/\/lazubiaya.es\/index.php\/llamamiento-a-los-ciudadanos-de-la-zubia\/\" \/>\n<meta property=\"og:locale\" content=\"es_ES\" \/>\n<meta property=\"og:type\" content=\"article\" \/>\n<meta property=\"og:title\" content=\"LLAMAMIENTO - La Zubia Ya La Zubia\" \/>\n<meta property=\"og:description\" content=\"Llamamiento a todos los ciudadanos de La Zubia para apoyar esta iniciativa, con la que que queremos un cambio en el Ayuntamiento de La Zubia.\" \/>\n<meta property=\"og:url\" content=\"https:\/\/lazubiaya.es\/index.php\/llamamiento-a-los-ciudadanos-de-la-zubia\/\" \/>\n<meta property=\"og:site_name\" content=\"La Zubia Ya\" \/>\n<meta property=\"article:publisher\" content=\"https:\/\/www.facebook.com\/lazubiaya\/\" \/>\n<meta property=\"article:modified_time\" content=\"2022-12-13T11:16:49+00:00\" \/>\n<meta property=\"og:image\" content=\"https:\/\/lazubiaya.es\/wp-content\/uploads\/2022\/11\/unnamed-1-705x1024.jpg\" \/>\n<meta name=\"twitter:card\" content=\"summary_large_image\" \/>\n<meta name=\"twitter:label1\" content=\"Tiempo de lectura\" \/>\n\t<meta name=\"twitter:data1\" content=\"5 minutos\" \/>\n<script type=\"application\/ld+json\" class=\"yoast-schema-graph\">{\"@context\":\"https:\/\/schema.org\",\"@graph\":[{\"@type\":\"WebPage\",\"@id\":\"https:\/\/lazubiaya.es\/index.php\/llamamiento-a-los-ciudadanos-de-la-zubia\/\",\"url\":\"https:\/\/lazubiaya.es\/index.php\/llamamiento-a-los-ciudadanos-de-la-zubia\/\",\"name\":\"LLAMAMIENTO - La Zubia Ya La Zubia\",\"isPartOf\":{\"@id\":\"https:\/\/lazubiaya.es\/#website\"},\"datePublished\":\"2022-11-25T11:05:05+00:00\",\"dateModified\":\"2022-12-13T11:16:49+00:00\",\"description\":\"Llamamiento a todos los ciudadanos de La Zubia para apoyar esta iniciativa, con la que que queremos un cambio en el Ayuntamiento de La Zubia.\",\"breadcrumb\":{\"@id\":\"https:\/\/lazubiaya.es\/index.php\/llamamiento-a-los-ciudadanos-de-la-zubia\/#breadcrumb\"},\"inLanguage\":\"es\",\"potentialAction\":[{\"@type\":\"ReadAction\",\"target\":[\"https:\/\/lazubiaya.es\/index.php\/llamamiento-a-los-ciudadanos-de-la-zubia\/\"]}]},{\"@type\":\"BreadcrumbList\",\"@id\":\"https:\/\/lazubiaya.es\/index.php\/llamamiento-a-los-ciudadanos-de-la-zubia\/#breadcrumb\",\"itemListElement\":[{\"@type\":\"ListItem\",\"position\":1,\"name\":\"Portada\",\"item\":\"https:\/\/lazubiaya.es\/\"},{\"@type\":\"ListItem\",\"position\":2,\"name\":\"LLAMAMIENTO\"}]},{\"@type\":\"WebSite\",\"@id\":\"https:\/\/lazubiaya.es\/#website\",\"url\":\"https:\/\/lazubiaya.es\/\",\"name\":\"La Zubia Ya\",\"description\":\"La Zubia apuesta por el cambio YA\",\"publisher\":{\"@id\":\"https:\/\/lazubiaya.es\/#organization\"},\"potentialAction\":[{\"@type\":\"SearchAction\",\"target\":{\"@type\":\"EntryPoint\",\"urlTemplate\":\"https:\/\/lazubiaya.es\/?s={search_term_string}\"},\"query-input\":\"required name=search_term_string\"}],\"inLanguage\":\"es\"},{\"@type\":\"Organization\",\"@id\":\"https:\/\/lazubiaya.es\/#organization\",\"name\":\"La Zubia Ya\",\"url\":\"https:\/\/lazubiaya.es\/\",\"logo\":{\"@type\":\"ImageObject\",\"inLanguage\":\"es\",\"@id\":\"https:\/\/lazubiaya.es\/#\/schema\/logo\/image\/\",\"url\":\"https:\/\/lazubiaya.es\/wp-content\/uploads\/2022\/11\/cropped-LOGO_V-1.jpg\",\"contentUrl\":\"https:\/\/lazubiaya.es\/wp-content\/uploads\/2022\/11\/cropped-LOGO_V-1.jpg\",\"width\":512,\"height\":512,\"caption\":\"La Zubia Ya\"},\"image\":{\"@id\":\"https:\/\/lazubiaya.es\/#\/schema\/logo\/image\/\"},\"sameAs\":[\"https:\/\/www.facebook.com\/lazubiaya\/\"]}]}<\/script>\n<!-- \/ Yoast SEO plugin. -->","yoast_head_json":{"title":"LLAMAMIENTO - La Zubia Ya La Zubia","description":"Llamamiento a todos los ciudadanos de La Zubia para apoyar esta iniciativa, con la que que queremos un cambio en el Ayuntamiento de La Zubia.","robots":{"index":"index","follow":"follow","max-snippet":"max-snippet:-1","max-image-preview":"max-image-preview:large","max-video-preview":"max-video-preview:-1"},"canonical":"https:\/\/lazubiaya.es\/index.php\/llamamiento-a-los-ciudadanos-de-la-zubia\/","og_locale":"es_ES","og_type":"article","og_title":"LLAMAMIENTO - La Zubia Ya La Zubia","og_description":"Llamamiento a todos los ciudadanos de La Zubia para apoyar esta iniciativa, con la que que queremos un cambio en el Ayuntamiento de La Zubia.","og_url":"https:\/\/lazubiaya.es\/index.php\/llamamiento-a-los-ciudadanos-de-la-zubia\/","og_site_name":"La Zubia Ya","article_publisher":"https:\/\/www.facebook.com\/lazubiaya\/","article_modified_time":"2022-12-13T11:16:49+00:00","og_image":[{"url":"https:\/\/lazubiaya.es\/wp-content\/uploads\/2022\/11\/unnamed-1-705x1024.jpg"}],"twitter_card":"summary_large_image","twitter_misc":{"Tiempo de lectura":"5 minutos"},"schema":{"@context":"https:\/\/schema.org","@graph":[{"@type":"WebPage","@id":"https:\/\/lazubiaya.es\/index.php\/llamamiento-a-los-ciudadanos-de-la-zubia\/","url":"https:\/\/lazubiaya.es\/index.php\/llamamiento-a-los-ciudadanos-de-la-zubia\/","name":"LLAMAMIENTO - La Zubia Ya La Zubia","isPartOf":{"@id":"https:\/\/lazubiaya.es\/#website"},"datePublished":"2022-11-25T11:05:05+00:00","dateModified":"2022-12-13T11:16:49+00:00","description":"Llamamiento a todos los ciudadanos de La Zubia para apoyar esta iniciativa, con la que que queremos un cambio en el Ayuntamiento de La Zubia.","breadcrumb":{"@id":"https:\/\/lazubiaya.es\/index.php\/llamamiento-a-los-ciudadanos-de-la-zubia\/#breadcrumb"},"inLanguage":"es","potentialAction":[{"@type":"ReadAction","target":["https:\/\/lazubiaya.es\/index.php\/llamamiento-a-los-ciudadanos-de-la-zubia\/"]}]},{"@type":"BreadcrumbList","@id":"https:\/\/lazubiaya.es\/index.php\/llamamiento-a-los-ciudadanos-de-la-zubia\/#breadcrumb","itemListElement":[{"@type":"ListItem","position":1,"name":"Portada","item":"https:\/\/lazubiaya.es\/"},{"@type":"ListItem","position":2,"name":"LLAMAMIENTO"}]},{"@type":"WebSite","@id":"https:\/\/lazubiaya.es\/#website","url":"https:\/\/lazubiaya.es\/","name":"La Zubia Ya","description":"La Zubia apuesta por el cambio YA","publisher":{"@id":"https:\/\/lazubiaya.es\/#organization"},"potentialAction":[{"@type":"SearchAction","target":{"@type":"EntryPoint","urlTemplate":"https:\/\/lazubiaya.es\/?s={search_term_string}"},"query-input":"required name=search_term_string"}],"inLanguage":"es"},{"@type":"Organization","@id":"https:\/\/lazubiaya.es\/#organization","name":"La Zubia Ya","url":"https:\/\/lazubiaya.es\/","logo":{"@type":"ImageObject","inLanguage":"es","@id":"https:\/\/lazubiaya.es\/#\/schema\/logo\/image\/","url":"https:\/\/lazubiaya.es\/wp-content\/uploads\/2022\/11\/cropped-LOGO_V-1.jpg","contentUrl":"https:\/\/lazubiaya.es\/wp-content\/uploads\/2022\/11\/cropped-LOGO_V-1.jpg","width":512,"height":512,"caption":"La Zubia Ya"},"image":{"@id":"https:\/\/lazubiaya.es\/#\/schema\/logo\/image\/"},"sameAs":["https:\/\/www.facebook.com\/lazubiaya\/"]}]}},"_links":{"self":[{"href":"https:\/\/lazubiaya.es\/index.php\/wp-json\/wp\/v2\/pages\/90"}],"collection":[{"href":"https:\/\/lazubiaya.es\/index.php\/wp-json\/wp\/v2\/pages"}],"about":[{"href":"https:\/\/lazubiaya.es\/index.php\/wp-json\/wp\/v2\/types\/page"}],"author":[{"embeddable":true,"href":"https:\/\/lazubiaya.es\/index.php\/wp-json\/wp\/v2\/users\/1"}],"replies":[{"embeddable":true,"href":"https:\/\/lazubiaya.es\/index.php\/wp-json\/wp\/v2\/comments?post=90"}],"version-history":[{"count":14,"href":"https:\/\/lazubiaya.es\/index.php\/wp-json\/wp\/v2\/pages\/90\/revisions"}],"predecessor-version":[{"id":205,"href":"https:\/\/lazubiaya.es\/index.php\/wp-json\/wp\/v2\/pages\/90\/revisions\/205"}],"wp:attachment":[{"href":"https:\/\/lazubiaya.es\/index.php\/wp-json\/wp\/v2\/media?parent=90"}],"curies":[{"name":"wp","href":"https:\/\/api.w.org\/{rel}","templated":true}]}}